{"id":17280,"date":"2021-03-17T10:22:13","date_gmt":"2021-03-17T10:22:13","guid":{"rendered":"https:\/\/jobs.cagi.ch\/connexion-inscription\/"},"modified":"2022-05-03T07:10:34","modified_gmt":"2022-05-03T07:10:34","slug":"connexion-inscription","status":"publish","type":"page","link":"https:\/\/jobs.cagi.ch\/fr\/connexion-inscription\/","title":{"rendered":"Connexion \/ Inscription"},"content":{"rendered":"\t\t<div data-elementor-type=\"wp-page\" data-elementor-id=\"17280\" class=\"elementor elementor-17280 elementor-154\" data-elementor-post-type=\"page\">\n\t\t\t\t\t\t<section class=\"elementor-section elementor-top-section elementor-element elementor-element-d53d1b1 elementor-section-stretched elementor-section-boxed elementor-section-height-default elementor-section-height-default\" data-id=\"d53d1b1\" data-element_type=\"section\" data-settings=\"{&quot;stretch_section&quot;:&quot;section-stretched&quot;,&quot;background_background&quot;:&quot;classic&quot;}\">\n\t\t\t\t\t\t<div class=\"elementor-container elementor-column-gap-extended\">\n\t\t\t\t\t<div class=\"elementor-column elementor-col-100 elementor-top-column elementor-element elementor-element-1174e2c\" data-id=\"1174e2c\" data-element_type=\"column\">\n\t\t\t<div class=\"elementor-widget-wrap elementor-element-populated\">\n\t\t\t\t\t\t<div class=\"elementor-element elementor-element-8d809b2 elementor-widget elementor-widget-heading\" data-id=\"8d809b2\" data-element_type=\"widget\" data-widget_type=\"heading.default\">\n\t\t\t\t<div class=\"elementor-widget-container\">\n\t\t\t<h1 class=\"elementor-heading-title elementor-size-default\">Connexion \/ Inscription<\/h1>\t\t<\/div>\n\t\t\t\t<\/div>\n\t\t\t\t<div class=\"elementor-element elementor-element-c171b4e elementor-widget elementor-widget-heading\" data-id=\"c171b4e\" data-element_type=\"widget\" data-widget_type=\"heading.default\">\n\t\t\t\t<div class=\"elementor-widget-container\">\n\t\t\t<h2 class=\"elementor-heading-title elementor-size-default\">ONG &amp; Missions permanentes<\/h2>\t\t<\/div>\n\t\t\t\t<\/div>\n\t\t\t\t\t<\/div>\n\t\t<\/div>\n\t\t\t\t\t<\/div>\n\t\t<\/section>\n\t\t\t\t<section class=\"elementor-section elementor-top-section elementor-element elementor-element-5426ddd elementor-section-stretched elementor-section-boxed elementor-section-height-default elementor-section-height-default\" data-id=\"5426ddd\" data-element_type=\"section\" data-settings=\"{&quot;stretch_section&quot;:&quot;section-stretched&quot;,&quot;background_background&quot;:&quot;classic&quot;}\">\n\t\t\t\t\t\t<div class=\"elementor-container elementor-column-gap-extended\">\n\t\t\t\t\t<div class=\"elementor-column elementor-col-100 elementor-top-column elementor-element elementor-element-50e3c4b\" data-id=\"50e3c4b\" data-element_type=\"column\" data-settings=\"{&quot;background_background&quot;:&quot;classic&quot;}\">\n\t\t\t<div class=\"elementor-widget-wrap elementor-element-populated\">\n\t\t\t\t\t\t<div class=\"elementor-element elementor-element-9920961 elementor-widget elementor-widget-heading\" data-id=\"9920961\" data-element_type=\"widget\" data-widget_type=\"heading.default\">\n\t\t\t\t<div class=\"elementor-widget-container\">\n\t\t\t<h2 class=\"elementor-heading-title elementor-size-default\">Connexion \u00e0 la Bourse d'emploi du CAGI<\/h2>\t\t<\/div>\n\t\t\t\t<\/div>\n\t\t\t\t<div class=\"elementor-element elementor-element-af47eb6 elementor-widget elementor-widget-shortcode\" data-id=\"af47eb6\" data-element_type=\"widget\" data-widget_type=\"shortcode.default\">\n\t\t\t\t<div class=\"elementor-widget-container\">\n\t\t\t\t\t<div class=\"elementor-shortcode\"><div class=\"login-form-wrapper\">\n\t<div id=\"login-form-wrapper7698\" class=\"form-container\">\t\t\t\n\t\t\t\t\n\t\t<form class=\"login-form\" action=\"https:\/\/jobs.cagi.ch\/fr\/\" method=\"post\">\n\t\t\t\t\t\t<div class=\"form-group\">\n\t\t\t\t<label>Email<\/label>\n\t\t\t\t<input autocomplete=\"off\" type=\"text\" name=\"username\" class=\"form-control\" id=\"username_or_email\" placeholder=\"Email\">\n\t\t\t<\/div>\n\t\t\t<div class=\"form-group\">\n\t\t\t\t<label>Mot de passe<\/label>\n\t\t\t\t<input name=\"password\" type=\"password\" class=\"password required form-control\" id=\"login_password\" placeholder=\"Mot de passe\">\n\t\t\t<\/div>\n\t\t\t<div class=\"row form-group info\">\n\t\t\t\t<div class=\"col-sm-6\">\n\t\t\t\t\t<label for=\"user-remember-field\" class=\"remember\">\n\t\t\t\t\t\t<input type=\"checkbox\" name=\"remember\" id=\"user-remember-field\" value=\"true\"> Se souvenir de moi\t\t\t\t\t<\/label>\n\t\t\t\t<\/div>\n\t\t\t\t<div class=\"col-sm-6 link-right\">\n\t\t\t\t\t<a class=\"back-link\" href=\"#forgot-password-form-wrapper7698\" title=\"Mot de passe oubli\u00e9\">Mot de passe oubli\u00e9 ?<\/a>\n\t\t\t\t<\/div>\n\t\t\t<\/div>\n\t\t\t<div class=\"form-group\">\n\t\t\t\t<input type=\"submit\" class=\"btn btn-theme btn-block\" name=\"submit\" value=\"Connexion\"\/>\n\t\t\t<\/div>\n\t\t\t<input type=\"hidden\" id=\"wpa_initiator\" class=\"wpa_initiator\" name=\"wpa_initiator\" value=\"\" \/><input type=\"hidden\" id=\"security_login\" name=\"security_login\" value=\"99939b9a92\" \/><input type=\"hidden\" name=\"_wp_http_referer\" value=\"\/fr\/wp-json\/wp\/v2\/pages\/17280\" \/>\t\t\t\t\t<\/form>\n\t<\/div>\n\t<!-- reset form -->\n\t<div id=\"forgot-password-form-wrapper7698\" class=\"form-container forgotpassword-form-wrapper\">\n\t\t<div class=\"top-info-user text-center1\">\n\t\t\t<h3 class=\"title\">R\u00e9initialiser le mot de passe<\/h3>\n\t\t\t<div class=\"des\">Veuillez entrer votre nom d\u2019utilisateur ou email<\/div>\n\t\t<\/div>\n\t\t<form name=\"forgotpasswordform\" class=\"forgotpassword-form\" action=\"https:\/\/jobs.cagi.ch\/fr\/wp-login.php?action=lostpassword\" method=\"post\">\n\t\t\t<div class=\"lostpassword-fields\">\n\t\t\t\t<div class=\"form-group\">\n\t\t\t\t\t<input type=\"text\" name=\"user_login\" class=\"user_login form-control\" id=\"lostpassword_username\" placeholder=\"Nom d&#039;utilisateur ou adresse e-mail\">\n\t\t\t\t<\/div>\n\t\t\t\t<input type=\"hidden\" id=\"wpa_initiator\" class=\"wpa_initiator\" name=\"wpa_initiator\" value=\"\" \/><input type=\"hidden\" id=\"security_lostpassword\" name=\"security_lostpassword\" value=\"63512cb2d9\" \/><input type=\"hidden\" name=\"_wp_http_referer\" value=\"\/fr\/wp-json\/wp\/v2\/pages\/17280\" \/>\n\t            <div id=\"recaptcha-contact-form\" class=\"ga-recaptcha\" data-sitekey=\"\"><\/div>\n\t\t      \t\n\t\t\t\t<div class=\"form-group\">\n\t\t\t\t\t<div class=\"row\">\n\t\t\t\t\t\t<div class=\"col-xs-6\"><input type=\"submit\" class=\"btn btn-theme btn-sm btn-block\" name=\"wp-submit\" value=\"Obtenir un nouveau mot de passe\" tabindex=\"100\" \/><\/div>\n\t\t\t\t\t<\/div>\n\t\t\t\t<\/div>\n\t\t\t<\/div>\n\t\t\t<div class=\"lostpassword-link\"><a href=\"#login-form-wrapper7698\" class=\"back-link\">Retour \u00e0 la connexion<\/a><\/div>\n\t\t<\/form>\n\t<\/div>\n<\/div>\n<\/div>\n\t\t\t\t<\/div>\n\t\t\t\t<\/div>\n\t\t\t\t\t<\/div>\n\t\t<\/div>\n\t\t\t\t\t<\/div>\n\t\t<\/section>\n\t\t\t\t<section class=\"elementor-section elementor-top-section elementor-element elementor-element-a24abc7 elementor-section-stretched elementor-section-full_width elementor-section-height-default elementor-section-height-default\" data-id=\"a24abc7\" data-element_type=\"section\" data-settings=\"{&quot;stretch_section&quot;:&quot;section-stretched&quot;,&quot;background_background&quot;:&quot;classic&quot;}\">\n\t\t\t\t\t\t\t<div class=\"elementor-background-overlay\"><\/div>\n\t\t\t\t\t\t\t<div class=\"elementor-container elementor-column-gap-extended\">\n\t\t\t\t\t<div class=\"elementor-column elementor-col-100 elementor-top-column elementor-element elementor-element-ba7bc42\" data-id=\"ba7bc42\" data-element_type=\"column\" data-settings=\"{&quot;background_background&quot;:&quot;classic&quot;}\">\n\t\t\t<div class=\"elementor-widget-wrap elementor-element-populated\">\n\t\t\t\t\t<div class=\"elementor-background-overlay\"><\/div>\n\t\t\t\t\t\t<div class=\"elementor-element elementor-element-42f966b elementor-widget elementor-widget-heading\" data-id=\"42f966b\" data-element_type=\"widget\" data-widget_type=\"heading.default\">\n\t\t\t\t<div class=\"elementor-widget-container\">\n\t\t\t<h2 class=\"elementor-heading-title elementor-size-default\">ONG &amp; Missions permanentes<\/h2>\t\t<\/div>\n\t\t\t\t<\/div>\n\t\t\t\t<div class=\"elementor-element elementor-element-cf0e4c6 elementor-widget elementor-widget-heading\" data-id=\"cf0e4c6\" data-element_type=\"widget\" data-widget_type=\"heading.default\">\n\t\t\t\t<div class=\"elementor-widget-container\">\n\t\t\t<p class=\"elementor-heading-title elementor-size-default\">Inscrivez votre entit\u00e9 pour pouvoir publier des offres d'emploi<\/p>\t\t<\/div>\n\t\t\t\t<\/div>\n\t\t\t\t<div class=\"elementor-element elementor-element-261aa15 elementor-widget__width-auto elementor-align-center elementor-widget elementor-widget-button\" data-id=\"261aa15\" data-element_type=\"widget\" data-widget_type=\"button.default\">\n\t\t\t\t<div class=\"elementor-widget-container\">\n\t\t\t\t\t\t\t<div class=\"elementor-button-wrapper\">\n\t\t\t\t\t<a class=\"elementor-button elementor-button-link elementor-size-md\" href=\"https:\/\/jobs.cagi.ch\/fr\/inscription-employeur\/\">\n\t\t\t\t\t\t<span class=\"elementor-button-content-wrapper\">\n\t\t\t\t\t\t\t\t\t<span class=\"elementor-button-text\">Cr\u00e9ez un compte<\/span>\n\t\t\t\t\t<\/span>\n\t\t\t\t\t<\/a>\n\t\t\t\t<\/div>\n\t\t\t\t\t\t<\/div>\n\t\t\t\t<\/div>\n\t\t\t\t\t<\/div>\n\t\t<\/div>\n\t\t\t\t\t<\/div>\n\t\t<\/section>\n\t\t\t\t<\/div>\n\t\t","protected":false},"excerpt":{"rendered":"<p>Connexion \/ Inscription ONG &amp; Missions permanentes Connexion \u00e0 la Bourse d&#8217;emploi du CAGI ONG &amp; Missions permanentes Inscrivez votre entit\u00e9 pour pouvoir publier des offres d&#8217;emploi Cr\u00e9ez un compte<\/p>\n","protected":false},"author":1,"featured_media":0,"parent":0,"menu_order":0,"comment_status":"closed","ping_status":"closed","template":"","meta":{"inline_featured_image":false,"footnotes":""},"class_list":["post-17280","page","type-page","status-publish","hentry"],"_links":{"self":[{"href":"https:\/\/jobs.cagi.ch\/fr\/wp-json\/wp\/v2\/pages\/17280","targetHints":{"allow":["GET"]}}],"collection":[{"href":"https:\/\/jobs.cagi.ch\/fr\/wp-json\/wp\/v2\/pages"}],"about":[{"href":"https:\/\/jobs.cagi.ch\/fr\/wp-json\/wp\/v2\/types\/page"}],"author":[{"embeddable":true,"href":"https:\/\/jobs.cagi.ch\/fr\/wp-json\/wp\/v2\/users\/1"}],"replies":[{"embeddable":true,"href":"https:\/\/jobs.cagi.ch\/fr\/wp-json\/wp\/v2\/comments?post=17280"}],"version-history":[{"count":11,"href":"https:\/\/jobs.cagi.ch\/fr\/wp-json\/wp\/v2\/pages\/17280\/revisions"}],"predecessor-version":[{"id":18886,"href":"https:\/\/jobs.cagi.ch\/fr\/wp-json\/wp\/v2\/pages\/17280\/revisions\/18886"}],"wp:attachment":[{"href":"https:\/\/jobs.cagi.ch\/fr\/wp-json\/wp\/v2\/media?parent=17280"}],"curies":[{"name":"wp","href":"https:\/\/api.w.org\/{rel}","templated":true}]}}