{"id":17289,"date":"2021-04-06T10:31:03","date_gmt":"2021-04-06T10:31:03","guid":{"rendered":"https:\/\/jobs.cagi.ch\/mes-offres-demploi\/"},"modified":"2022-04-27T11:24:14","modified_gmt":"2022-04-27T11:24:14","slug":"mes-offres-demploi","status":"publish","type":"page","link":"https:\/\/jobs.cagi.ch\/fr\/mes-offres-demploi\/","title":{"rendered":"Mes offres d&#8217;emploi"},"content":{"rendered":"\t\t<div data-elementor-type=\"wp-page\" data-elementor-id=\"17289\" class=\"elementor elementor-17289 elementor-1665\" data-elementor-post-type=\"page\">\n\t\t\t\t\t\t<section class=\"elementor-section elementor-top-section elementor-element elementor-element-896b038 elementor-section-boxed elementor-section-height-default elementor-section-height-default\" data-id=\"896b038\" data-element_type=\"section\">\n\t\t\t\t\t\t<div class=\"elementor-container elementor-column-gap-no\">\n\t\t\t\t\t<div class=\"elementor-column elementor-col-100 elementor-top-column elementor-element elementor-element-3df6d43\" data-id=\"3df6d43\" data-element_type=\"column\">\n\t\t\t<div class=\"elementor-widget-wrap elementor-element-populated\">\n\t\t\t\t\t\t<div class=\"elementor-element elementor-element-734c9cc elementor-widget elementor-widget-shortcode\" data-id=\"734c9cc\" data-element_type=\"widget\" data-widget_type=\"shortcode.default\">\n\t\t\t\t<div class=\"elementor-widget-container\">\n\t\t\t\t\t<div class=\"elementor-shortcode\"><div class=\"box-dashboard-wrapper\">\n\t<div class=\"alert alert-warning not-allow-wrapper\">\n\t\t<p class=\"account-sign-in\">Tu dois \u00eatre connect\u00e9 pour acc\u00e9der \u00e0 cette page. <a class=\"button\" href=\"https:\/\/jobs.cagi.ch\/login-register\/\">Se connecter<\/a><\/p>\n\t<\/div><!-- \/.alert -->\n<\/div><\/div>\n\t\t\t\t<\/div>\n\t\t\t\t<\/div>\n\t\t\t\t\t<\/div>\n\t\t<\/div>\n\t\t\t\t\t<\/div>\n\t\t<\/section>\n\t\t\t\t<\/div>\n\t\t","protected":false},"excerpt":{"rendered":"","protected":false},"author":1,"featured_media":0,"parent":0,"menu_order":0,"comment_status":"closed","ping_status":"closed","template":"page-dashboard.php","meta":{"inline_featured_image":false,"footnotes":""},"class_list":["post-17289","page","type-page","status-publish","hentry"],"_links":{"self":[{"href":"https:\/\/jobs.cagi.ch\/fr\/wp-json\/wp\/v2\/pages\/17289","targetHints":{"allow":["GET"]}}],"collection":[{"href":"https:\/\/jobs.cagi.ch\/fr\/wp-json\/wp\/v2\/pages"}],"about":[{"href":"https:\/\/jobs.cagi.ch\/fr\/wp-json\/wp\/v2\/types\/page"}],"author":[{"embeddable":true,"href":"https:\/\/jobs.cagi.ch\/fr\/wp-json\/wp\/v2\/users\/1"}],"replies":[{"embeddable":true,"href":"https:\/\/jobs.cagi.ch\/fr\/wp-json\/wp\/v2\/comments?post=17289"}],"version-history":[{"count":1,"href":"https:\/\/jobs.cagi.ch\/fr\/wp-json\/wp\/v2\/pages\/17289\/revisions"}],"predecessor-version":[{"id":17290,"href":"https:\/\/jobs.cagi.ch\/fr\/wp-json\/wp\/v2\/pages\/17289\/revisions\/17290"}],"wp:attachment":[{"href":"https:\/\/jobs.cagi.ch\/fr\/wp-json\/wp\/v2\/media?parent=17289"}],"curies":[{"name":"wp","href":"https:\/\/api.w.org\/{rel}","templated":true}]}}