{"id":17293,"date":"2021-04-06T10:29:43","date_gmt":"2021-04-06T10:29:43","guid":{"rendered":"https:\/\/jobs.cagi.ch\/profil\/"},"modified":"2022-04-27T11:27:03","modified_gmt":"2022-04-27T11:27:03","slug":"profil","status":"publish","type":"page","link":"https:\/\/jobs.cagi.ch\/fr\/profil\/","title":{"rendered":"Profil"},"content":{"rendered":"<div class=\"box-dashboard-wrapper\">\n\t<div class=\"alert alert-warning not-allow-wrapper\">\n\t\t<p class=\"account-sign-in\">Tu dois \u00eatre connect\u00e9 pour acc\u00e9der \u00e0 cette page. <a class=\"button\" href=\"https:\/\/jobs.cagi.ch\/login-register\/\">Se connecter<\/a><\/p>\n\t<\/div><!-- \/.alert -->\n<\/div>\n","protected":false},"excerpt":{"rendered":"","protected":false},"author":1,"featured_media":0,"parent":0,"menu_order":0,"comment_status":"closed","ping_status":"closed","template":"page-dashboard.php","meta":{"inline_featured_image":false,"footnotes":""},"class_list":["post-17293","page","type-page","status-publish","hentry"],"_links":{"self":[{"href":"https:\/\/jobs.cagi.ch\/fr\/wp-json\/wp\/v2\/pages\/17293","targetHints":{"allow":["GET"]}}],"collection":[{"href":"https:\/\/jobs.cagi.ch\/fr\/wp-json\/wp\/v2\/pages"}],"about":[{"href":"https:\/\/jobs.cagi.ch\/fr\/wp-json\/wp\/v2\/types\/page"}],"author":[{"embeddable":true,"href":"https:\/\/jobs.cagi.ch\/fr\/wp-json\/wp\/v2\/users\/1"}],"replies":[{"embeddable":true,"href":"https:\/\/jobs.cagi.ch\/fr\/wp-json\/wp\/v2\/comments?post=17293"}],"version-history":[{"count":1,"href":"https:\/\/jobs.cagi.ch\/fr\/wp-json\/wp\/v2\/pages\/17293\/revisions"}],"predecessor-version":[{"id":17434,"href":"https:\/\/jobs.cagi.ch\/fr\/wp-json\/wp\/v2\/pages\/17293\/revisions\/17434"}],"wp:attachment":[{"href":"https:\/\/jobs.cagi.ch\/fr\/wp-json\/wp\/v2\/media?parent=17293"}],"curies":[{"name":"wp","href":"https:\/\/api.w.org\/{rel}","templated":true}]}}