{"id":17294,"date":"2021-10-18T07:40:23","date_gmt":"2021-10-18T07:40:23","guid":{"rendered":"https:\/\/jobs.cagi.ch\/inscription-demployeur\/"},"modified":"2022-04-27T11:59:55","modified_gmt":"2022-04-27T11:59:55","slug":"inscription-employeur","status":"publish","type":"page","link":"https:\/\/jobs.cagi.ch\/fr\/inscription-employeur\/","title":{"rendered":"Inscription d&#8217;employeur"},"content":{"rendered":"\t\t<div data-elementor-type=\"wp-page\" data-elementor-id=\"17294\" class=\"elementor elementor-17294 elementor-4754\" data-elementor-post-type=\"page\">\n\t\t\t\t\t\t<section class=\"elementor-section elementor-top-section elementor-element elementor-element-ab4c128 elementor-section-stretched elementor-section-boxed elementor-section-height-default elementor-section-height-default\" data-id=\"ab4c128\" data-element_type=\"section\" data-settings=\"{&quot;stretch_section&quot;:&quot;section-stretched&quot;,&quot;background_background&quot;:&quot;classic&quot;}\">\n\t\t\t\t\t\t<div class=\"elementor-container elementor-column-gap-extended\">\n\t\t\t\t\t<div class=\"elementor-column elementor-col-100 elementor-top-column elementor-element elementor-element-a069106\" data-id=\"a069106\" data-element_type=\"column\">\n\t\t\t<div class=\"elementor-widget-wrap elementor-element-populated\">\n\t\t\t\t\t\t<div class=\"elementor-element elementor-element-bff1ed6 elementor-widget elementor-widget-heading\" data-id=\"bff1ed6\" data-element_type=\"widget\" data-widget_type=\"heading.default\">\n\t\t\t\t<div class=\"elementor-widget-container\">\n\t\t\t<h1 class=\"elementor-heading-title elementor-size-default\">Inscrivez votre entit\u00e9<\/h1>\t\t<\/div>\n\t\t\t\t<\/div>\n\t\t\t\t\t<\/div>\n\t\t<\/div>\n\t\t\t\t\t<\/div>\n\t\t<\/section>\n\t\t\t\t<section class=\"elementor-section elementor-top-section elementor-element elementor-element-176ccc31 elementor-section-boxed elementor-section-height-default elementor-section-height-default\" data-id=\"176ccc31\" data-element_type=\"section\">\n\t\t\t\t\t\t<div class=\"elementor-container elementor-column-gap-default\">\n\t\t\t\t\t<div class=\"elementor-column elementor-col-100 elementor-top-column elementor-element elementor-element-197692f8\" data-id=\"197692f8\" data-element_type=\"column\">\n\t\t\t<div class=\"elementor-widget-wrap elementor-element-populated\">\n\t\t\t\t\t\t<div class=\"elementor-element elementor-element-6122b2d elementor-position-left elementor-vertical-align-middle jedv-enabled--yes elementor-view-default elementor-mobile-position-top elementor-widget elementor-widget-icon-box\" data-id=\"6122b2d\" data-element_type=\"widget\" data-widget_type=\"icon-box.default\">\n\t\t\t\t<div class=\"elementor-widget-container\">\n\t\t\t\t\t<div class=\"elementor-icon-box-wrapper\">\n\n\t\t\t\t\t\t<div class=\"elementor-icon-box-icon\">\n\t\t\t\t<span  class=\"elementor-icon elementor-animation-\">\n\t\t\t\t<i aria-hidden=\"true\" class=\"fas fa-info-circle\"><\/i>\t\t\t\t<\/span>\n\t\t\t<\/div>\n\t\t\t\n\t\t\t\t\t\t<div class=\"elementor-icon-box-content\">\n\n\t\t\t\t\n\t\t\t\t\t\t\t\t\t<p class=\"elementor-icon-box-description\">\n\t\t\t\t\t\tVeuillez noter que votre adresse \u00e9lectronique est utilis\u00e9e pour vous connecter \u00e0 la plate-forme et qu'elle ne peut \u00eatre modifi\u00e9e une fois votre compte cr\u00e9\u00e9.\t\t\t\t\t<\/p>\n\t\t\t\t\n\t\t\t<\/div>\n\t\t\t\n\t\t<\/div>\n\t\t\t\t<\/div>\n\t\t\t\t<\/div>\n\t\t\t\t<div class=\"elementor-element elementor-element-788046ad elementor-widget elementor-widget-shortcode\" data-id=\"788046ad\" data-element_type=\"widget\" data-widget_type=\"shortcode.default\">\n\t\t\t\t<div class=\"elementor-widget-container\">\n\t\t\t\t\t<div class=\"elementor-shortcode\">\n<div class=\"register-form-wrapper\">\n  \t<div class=\"container-form\">\n\n  \t\t\n\t\t\n  \t\t<form action=\"\" class=\"cmb-form _employer_register_fields\" method=\"post\" id=\"_employer_register_fields_9977\" enctype=\"multipart\/form-data\" encoding=\"multipart\/form-data\"><input type=\"hidden\" name=\"wp_job_board_pro_register_employer_form\" value=\"wp_job_board_pro_register_employer_form\"><input type=\"hidden\" name=\"object_id\" value=\"M1f3Y\">\n<!-- Begin CMB2 Fields -->\n<input type=\"hidden\" id=\"nonce_CMB2php_employer_register_fields\" name=\"nonce_CMB2php_employer_register_fields\" value=\"87c74ded7f\" \/><div class=\"cmb2-wrap form-table\"><div id=\"cmb2-metabox-_employer_register_fields\" class=\"cmb2-metabox cmb-field-list\"><div class=\"cmb-row cmb-type-text cmb2-id--employer-email table-layout\" data-fieldtype=\"text\">\n<div class=\"cmb-th\">Email <span class=\"required\">*<\/span><\/div>\n\t<div class=\"cmb-td\">\n<input type=\"text\" class=\"regular-text\" name=\"_employer_email\" id=\"_employer_email\" value=\"\" data-hash='6hlb2l5m4mk0' placeholder=\"Email\" required=\"1\"\/>\n\t<\/div>\n<\/div><div class=\"cmb-row cmb-type-hide-show-password cmb2-id--employer-password\" data-fieldtype=\"hide_show_password\">\n<div class=\"cmb-th\">Mot de passe <span class=\"required\">*<\/span><\/div>\n\t<div class=\"cmb-td\">\n \n\t\t<span class=\"show_hide_password_wrapper\">\n\t\t\t<input type=\"password\" class=\"regular-text\" name=\"_employer_password\" id=\"hide_show_password\" value=\"\" data-lpignore='1' autocomplete=\"off\" data-hash='4l40gpf3g8n0' placeholder=\"Mot de passe\" required=\"1\"\/>\t\t\t<a class=\"toggle-password\" title=\"Afficher\"><span class=\"dashicons dashicons-hidden\"><\/span><\/a>\n\t\t<\/span>\n\t\t\n\t<\/div>\n<\/div><div class=\"cmb-row cmb-type-hide-show-password cmb2-id--employer-confirmpassword\" data-fieldtype=\"hide_show_password\">\n<div class=\"cmb-th\">Confirmer le mot de passe <span class=\"required\">*<\/span><\/div>\n\t<div class=\"cmb-td\">\n \n\t\t<span class=\"show_hide_password_wrapper\">\n\t\t\t<input type=\"password\" class=\"regular-text\" name=\"_employer_confirmpassword\" id=\"hide_show_password\" value=\"\" data-lpignore='1' autocomplete=\"off\" data-hash='43vscekeu6d0' placeholder=\"Confirmer le mot de passe\" required=\"1\"\/>\t\t\t<a class=\"toggle-password\" title=\"Afficher\"><span class=\"dashicons dashicons-hidden\"><\/span><\/a>\n\t\t<\/span>\n\t\t\n\t<\/div>\n<\/div><div class=\"cmb-row cmb-type-text cmb2-id--employer-title table-layout\" data-fieldtype=\"text\">\n<div class=\"cmb-th\">Nom de l&apos;entit\u00e9 <span class=\"required\">*<\/span><\/div>\n\t<div class=\"cmb-td\">\n<input type=\"text\" class=\"regular-text\" name=\"_employer_title\" id=\"_employer_title\" value=\"\" data-hash='6c0jhrfl3u80' required=\"required\"\/>\n\t<\/div>\n<\/div><div class=\"cmb-row cmb-type-pw-select cmb2-id-employer-organization-type\" data-fieldtype=\"pw_select\">\n<div class=\"cmb-th\">Type d&apos;entit\u00e9 <span class=\"required\">*<\/span><\/div>\n\t<div class=\"cmb-td\">\n<select class=\"pw_select2 pw_select\" name=\"employer-organization-type\" id=\"employer-organization-type\" data-placeholder='' data-hash='311hf5pn8d6g' required=\"required\" data-allowclear='1' data-width='100%'><option><\/option>\t<option value=\"NGO \/ ONG\" >NGO \/ ONG<\/option>\n\t<option value=\"Permanent Missions and Delegations \/ Missions permanentes et d\u00e9l\u00e9gations\" >Permanent Missions and Delegations \/ Missions permanentes et d\u00e9l\u00e9gations<\/option>\n<\/select>\n\t<\/div>\n<\/div><\/div><\/div><input type=\"hidden\" class=\"cmb2-hidden\" name=\"post_type\" id=\"post_type\" value=\"employer\" data-hash='13buo8iukl38'\/>\n<!-- End CMB2 Fields -->\n \n\t\t\t\t<div class=\"form-group\">\n\t\t\t\t\t<label for=\"register-terms-and-conditions\">\n\t\t\t\t\t\t<input type=\"checkbox\" name=\"terms_and_conditions\" value=\"on\" id=\"register-terms-and-conditions\" required>\n\t\t\t\t\t\tYou accept our <a href=\"https:\/\/jobs.cagi.ch\/fr\/conditions-generales\/\">Terms and Conditions and Privacy Policy<\/a>\n\t\t\t\t\t<\/label>\n\t\t\t\t<\/div><input type=\"submit\" name=\"submit-cmb-register-employer\" value=\"Inscrire mon entit\u00e9\" class=\"button-primary\"><\/form>\n    <\/div>\n\n<\/div>\n<\/div>\n\t\t\t\t<\/div>\n\t\t\t\t<\/div>\n\t\t\t\t\t<\/div>\n\t\t<\/div>\n\t\t\t\t\t<\/div>\n\t\t<\/section>\n\t\t\t\t<\/div>\n\t\t","protected":false},"excerpt":{"rendered":"<p>Inscrivez votre entit\u00e9 Veuillez noter que votre adresse \u00e9lectronique est utilis\u00e9e pour vous connecter \u00e0 la plate-forme et qu&rsquo;elle ne peut \u00eatre modifi\u00e9e une fois votre compte cr\u00e9\u00e9.<\/p>\n","protected":false},"author":1,"featured_media":0,"parent":0,"menu_order":0,"comment_status":"closed","ping_status":"closed","template":"","meta":{"inline_featured_image":false,"footnotes":""},"class_list":["post-17294","page","type-page","status-publish","hentry"],"_links":{"self":[{"href":"https:\/\/jobs.cagi.ch\/fr\/wp-json\/wp\/v2\/pages\/17294","targetHints":{"allow":["GET"]}}],"collection":[{"href":"https:\/\/jobs.cagi.ch\/fr\/wp-json\/wp\/v2\/pages"}],"about":[{"href":"https:\/\/jobs.cagi.ch\/fr\/wp-json\/wp\/v2\/types\/page"}],"author":[{"embeddable":true,"href":"https:\/\/jobs.cagi.ch\/fr\/wp-json\/wp\/v2\/users\/1"}],"replies":[{"embeddable":true,"href":"https:\/\/jobs.cagi.ch\/fr\/wp-json\/wp\/v2\/comments?post=17294"}],"version-history":[{"count":2,"href":"https:\/\/jobs.cagi.ch\/fr\/wp-json\/wp\/v2\/pages\/17294\/revisions"}],"predecessor-version":[{"id":17435,"href":"https:\/\/jobs.cagi.ch\/fr\/wp-json\/wp\/v2\/pages\/17294\/revisions\/17435"}],"wp:attachment":[{"href":"https:\/\/jobs.cagi.ch\/fr\/wp-json\/wp\/v2\/media?parent=17294"}],"curies":[{"name":"wp","href":"https:\/\/api.w.org\/{rel}","templated":true}]}}